{"id":28272,"date":"2025-11-07T13:56:09","date_gmt":"2025-11-07T13:56:09","guid":{"rendered":"https:\/\/repas.anyinit.com\/?page_id=28272"},"modified":"2025-11-07T15:54:46","modified_gmt":"2025-11-07T15:54:46","slug":"a-propos-de","status":"publish","type":"page","link":"https:\/\/repas.anyinit.com\/fr\/a-propos-de\/","title":{"rendered":"\u00c0 PROPOS DE"},"content":{"rendered":"<div data-elementor-type=\"wp-page\" data-elementor-id=\"28272\" class=\"elementor elementor-28272\" data-elementor-post-type=\"page\">\n\t\t\t\t<div class=\"elementor-element elementor-element-28d8c404 e-con-full e-flex e-con e-parent\" data-id=\"28d8c404\" data-element_type=\"container\" data-settings=\"{&quot;background_background&quot;:&quot;classic&quot;}\">\n\t\t\t\t<div class=\"elementor-element elementor-element-5267fb6b elementor-widget__width-initial elementor-widget-mobile__width-inherit elementor-widget elementor-widget-image-box\" data-id=\"5267fb6b\" data-element_type=\"widget\" data-widget_type=\"image-box.default\">\n\t\t\t\t\t<div class=\"elementor-image-box-wrapper\"><div class=\"elementor-image-box-content\"><h3 class=\"elementor-image-box-title\">\u00c0 propos de nous<\/h3><p class=\"elementor-image-box-description\">Une br\u00e8ve pr\u00e9sentation des formateurs de l&#039;atelier et des raisons pour lesquelles leur parcours devrait inspirer confiance aux \u00e9tudiants potentiels.<\/p><\/div><\/div>\t\t\t\t<\/div>\n\t\t<div class=\"elementor-element elementor-element-1cf953 e-con-full e-flex e-con e-child\" data-id=\"1cf953\" data-element_type=\"container\">\n\t\t\t\t<div class=\"elementor-element elementor-element-5b857ae2 elementor-cta--layout-image-above elementor-widget__width-initial elementor-widget-tablet__width-initial elementor-widget-mobile__width-inherit elementor-cta--skin-classic elementor-animated-content elementor-bg-transform elementor-bg-transform-zoom-in elementor-widget elementor-widget-call-to-action\" data-id=\"5b857ae2\" data-element_type=\"widget\" data-widget_type=\"call-to-action.default\">\n\t\t\t\t\t\t\t<div class=\"elementor-cta\">\n\t\t\t\t\t<div class=\"elementor-cta__bg-wrapper\">\n\t\t\t\t<div class=\"elementor-cta__bg elementor-bg\" style=\"background-image: url(https:\/\/repas.anyinit.com\/wp-content\/uploads\/2025\/11\/workshop_ceramic_about_img_3.jpg);\" role=\"img\" aria-label=\"atelier_c\u00e9ramique_\u00e0_propos_img_3.jpg\"><\/div>\n\t\t\t\t<div class=\"elementor-cta__bg-overlay\"><\/div>\n\t\t\t<\/div>\n\t\t\t\t\t\t\t<div class=\"elementor-cta__content\">\n\t\t\t\t\n\t\t\t\t\t\t\t\t\t<h2 class=\"elementor-cta__title elementor-cta__content-item elementor-content-item\">\n\t\t\t\t\t\tNos ateliers\t\t\t\t\t<\/h2>\n\t\t\t\t\n\t\t\t\t\t\t\t\t\t<div class=\"elementor-cta__description elementor-cta__content-item elementor-content-item\">\n\t\t\t\t\t\tLorem ipsum dolor sit amet, te has solet postea. Voluptua quaestio dissentias a ex, no eum aliquid tibique petentium, agam mucius\t\t\t\t\t<\/div>\n\t\t\t\t\n\t\t\t\t\t\t\t<\/div>\n\t\t\t\t\t\t<\/div>\n\t\t\t\t\t\t<\/div>\n\t\t\t\t<div class=\"elementor-element elementor-element-cbe4420 elementor-cta--layout-image-above elementor-widget__width-initial elementor-widget-tablet__width-initial elementor-widget-mobile__width-inherit elementor-cta--skin-classic elementor-animated-content elementor-bg-transform elementor-bg-transform-zoom-in elementor-widget elementor-widget-call-to-action\" data-id=\"cbe4420\" data-element_type=\"widget\" data-widget_type=\"call-to-action.default\">\n\t\t\t\t\t\t\t<div class=\"elementor-cta\">\n\t\t\t\t\t<div class=\"elementor-cta__bg-wrapper\">\n\t\t\t\t<div class=\"elementor-cta__bg elementor-bg\" style=\"background-image: url(https:\/\/repas.anyinit.com\/wp-content\/uploads\/2025\/11\/workshop_ceramic_about_img_1.jpg);\" role=\"img\" aria-label=\"atelier_c\u00e9ramique_\u00e0_propos_img_1.jpg\"><\/div>\n\t\t\t\t<div class=\"elementor-cta__bg-overlay\"><\/div>\n\t\t\t<\/div>\n\t\t\t\t\t\t\t<div class=\"elementor-cta__content\">\n\t\t\t\t\n\t\t\t\t\t\t\t\t\t<h2 class=\"elementor-cta__title elementor-cta__content-item elementor-content-item\">\n\t\t\t\t\t\tNotre espace\t\t\t\t\t<\/h2>\n\t\t\t\t\n\t\t\t\t\t\t\t\t\t<div class=\"elementor-cta__description elementor-cta__content-item elementor-content-item\">\n\t\t\t\t\t\tLorem ipsum dolor sit amet, te has solet postea. Voluptua quaestio dissentias a ex, no eum aliquid tibique petentium, agam mucius\t\t\t\t\t<\/div>\n\t\t\t\t\n\t\t\t\t\t\t\t<\/div>\n\t\t\t\t\t\t<\/div>\n\t\t\t\t\t\t<\/div>\n\t\t\t\t<div class=\"elementor-element elementor-element-465e3008 elementor-cta--layout-image-above elementor-widget__width-initial elementor-widget-tablet__width-initial elementor-widget-mobile__width-inherit elementor-cta--skin-classic elementor-animated-content elementor-bg-transform elementor-bg-transform-zoom-in elementor-widget elementor-widget-call-to-action\" data-id=\"465e3008\" data-element_type=\"widget\" data-widget_type=\"call-to-action.default\">\n\t\t\t\t\t\t\t<div class=\"elementor-cta\">\n\t\t\t\t\t<div class=\"elementor-cta__bg-wrapper\">\n\t\t\t\t<div class=\"elementor-cta__bg elementor-bg\" style=\"background-image: url(https:\/\/repas.anyinit.com\/wp-content\/uploads\/2025\/11\/workshop_ceramic_about_img_2.jpg);\" role=\"img\" aria-label=\"atelier_c\u00e9ramique_\u00e0_propos_img_2.jpg\"><\/div>\n\t\t\t\t<div class=\"elementor-cta__bg-overlay\"><\/div>\n\t\t\t<\/div>\n\t\t\t\t\t\t\t<div class=\"elementor-cta__content\">\n\t\t\t\t\n\t\t\t\t\t\t\t\t\t<h2 class=\"elementor-cta__title elementor-cta__content-item elementor-content-item\">\n\t\t\t\t\t\tNos enseignants\t\t\t\t\t<\/h2>\n\t\t\t\t\n\t\t\t\t\t\t\t\t\t<div class=\"elementor-cta__description elementor-cta__content-item elementor-content-item\">\n\t\t\t\t\t\tLorem ipsum dolor sit amet, te has solet postea. Voluptua quaestio dissentias a ex, no eum aliquid tibique petentium, agam mucius\t\t\t\t\t<\/div>\n\t\t\t\t\n\t\t\t\t\t\t\t<\/div>\n\t\t\t\t\t\t<\/div>\n\t\t\t\t\t\t<\/div>\n\t\t\t\t<\/div>\n\t\t\t\t<\/div>\n\t\t\t\t<\/div>","protected":false},"excerpt":{"rendered":"<p>About us A short introduction to the workshop instructors and why their background should inspire potential student\u2019s confidence. A short introduction to the workshop instructors and why their background should inspire potential student\u2019s confidence. Our Workshops Lorem ipsum dolor sit amet, te has solet postea. Voluptua quaestio dissentias has ex, no eum aliquid tibique petentium,&#8230;<\/p>","protected":false},"author":1,"featured_media":0,"parent":0,"menu_order":0,"comment_status":"closed","ping_status":"closed","template":"","meta":{"footnotes":""},"class_list":["post-28272","page","type-page","status-publish","hentry"],"_links":{"self":[{"href":"https:\/\/repas.anyinit.com\/fr\/wp-json\/wp\/v2\/pages\/28272","targetHints":{"allow":["GET"]}}],"collection":[{"href":"https:\/\/repas.anyinit.com\/fr\/wp-json\/wp\/v2\/pages"}],"about":[{"href":"https:\/\/repas.anyinit.com\/fr\/wp-json\/wp\/v2\/types\/page"}],"author":[{"embeddable":true,"href":"https:\/\/repas.anyinit.com\/fr\/wp-json\/wp\/v2\/users\/1"}],"replies":[{"embeddable":true,"href":"https:\/\/repas.anyinit.com\/fr\/wp-json\/wp\/v2\/comments?post=28272"}],"version-history":[{"count":4,"href":"https:\/\/repas.anyinit.com\/fr\/wp-json\/wp\/v2\/pages\/28272\/revisions"}],"predecessor-version":[{"id":28287,"href":"https:\/\/repas.anyinit.com\/fr\/wp-json\/wp\/v2\/pages\/28272\/revisions\/28287"}],"wp:attachment":[{"href":"https:\/\/repas.anyinit.com\/fr\/wp-json\/wp\/v2\/media?parent=28272"}],"curies":[{"name":"wp","href":"https:\/\/api.w.org\/{rel}","templated":true}]}}